{"id":30,"date":"2025-12-19T10:06:15","date_gmt":"2025-12-19T09:06:15","guid":{"rendered":"https:\/\/www.comserv.fr\/?page_id=30"},"modified":"2025-12-29T10:54:12","modified_gmt":"2025-12-29T09:54:12","slug":"accueil","status":"publish","type":"page","link":"https:\/\/www.comserv.fr\/","title":{"rendered":""},"content":{"rendered":"\n<div class=\"wp-block-cover\"><img loading=\"lazy\" decoding=\"async\" width=\"1024\" height=\"858\" class=\"wp-block-cover__image-background wp-image-28\" alt=\"\" src=\"https:\/\/www.comserv.fr\/wp-content\/uploads\/2025\/12\/P21-1024x858.jpg\" data-object-fit=\"cover\" srcset=\"https:\/\/www.comserv.fr\/wp-content\/uploads\/2025\/12\/P21-1024x858.jpg 1024w, https:\/\/www.comserv.fr\/wp-content\/uploads\/2025\/12\/P21-300x252.jpg 300w, https:\/\/www.comserv.fr\/wp-content\/uploads\/2025\/12\/P21-768x644.jpg 768w, https:\/\/www.comserv.fr\/wp-content\/uploads\/2025\/12\/P21-1536x1288.jpg 1536w, https:\/\/www.comserv.fr\/wp-content\/uploads\/2025\/12\/P21-2048x1717.jpg 2048w\" sizes=\"auto, (max-width: 1024px) 100vw, 1024px\" \/><span aria-hidden=\"true\" class=\"wp-block-cover__background has-background-dim\"><\/span><div class=\"wp-block-cover__inner-container is-layout-flow wp-block-cover-is-layout-flow\">\n<p class=\"has-text-align-left has-large-font-size\"><strong>Votre partenaire agroalimentaire de confiance<\/strong><br><sub>Fournisseur<\/sub> <sub>B2B pour chefs, artisans et industriels<br>Des produits de qualit\u00e9 pour renforcer votre offre<\/sub><\/p>\n<\/div><\/div>\n\n\n\n<p class=\"has-text-align-center\"><strong>&nbsp;\u00ab Des produits fiables, un partenaire transparent, des solutions adapt\u00e9es. \u00bb<\/strong><\/p>\n\n\n\n<p><\/p>\n\n\n\n<h1 class=\"wp-block-heading\">B\u00e9n\u00e9fices pour votre organisation<\/h1>\n\n\n\n<p><strong>Simplicit\u00e9&nbsp;<\/strong><\/p>\n\n\n\n<ul class=\"wp-block-list\">\n<li>Offre prix simplifi\u00e9e<\/li>\n\n\n\n<li>Prise en charge cl\u00e9 en main de votre processus logistique<\/li>\n<\/ul>\n\n\n\n<p><strong>Gain de temps<\/strong><\/p>\n\n\n\n<ul class=\"wp-block-list\">\n<li>Optimisation de vos interactions avec les fournisseurs<\/li>\n\n\n\n<li>Point de contact unique : Gr\u00e9gory pour la vente et l\u2019avant-vente, Justine pour l\u2019approvisionnement<\/li>\n<\/ul>\n\n\n\n<p><strong>Fiabilit\u00e9<\/strong><\/p>\n\n\n\n<ul class=\"wp-block-list\">\n<li>Qualit\u00e9 des produits&nbsp; fabriqu\u00e9s par des usines partenaires depuis 1991<\/li>\n\n\n\n<li>Livraisons conformes&nbsp;et dans les temps par des transporteurs exp\u00e9riment\u00e9s<\/li>\n<\/ul>\n","protected":false},"excerpt":{"rendered":"<p>&nbsp;\u00ab Des produits fiables, un partenaire transparent, des solutions adapt\u00e9es. \u00bb B\u00e9n\u00e9fices pour votre organisation Simplicit\u00e9&nbsp; Gain de temps Fiabilit\u00e9<\/p>\n","protected":false},"author":1,"featured_media":0,"parent":0,"menu_order":0,"comment_status":"closed","ping_status":"closed","template":"","meta":{"_kadence_starter_templates_imported_post":false,"_kad_post_transparent":"default","_kad_post_title":"hide","_kad_post_layout":"default","_kad_post_sidebar_id":"","_kad_post_content_style":"","_kad_post_vertical_padding":"","_kad_post_feature":"","_kad_post_feature_position":"","_kad_post_header":false,"_kad_post_footer":false,"_kad_post_classname":"","footnotes":""},"class_list":["post-30","page","type-page","status-publish","hentry"],"_links":{"self":[{"href":"https:\/\/www.comserv.fr\/index.php\/wp-json\/wp\/v2\/pages\/30","targetHints":{"allow":["GET"]}}],"collection":[{"href":"https:\/\/www.comserv.fr\/index.php\/wp-json\/wp\/v2\/pages"}],"about":[{"href":"https:\/\/www.comserv.fr\/index.php\/wp-json\/wp\/v2\/types\/page"}],"author":[{"embeddable":true,"href":"https:\/\/www.comserv.fr\/index.php\/wp-json\/wp\/v2\/users\/1"}],"replies":[{"embeddable":true,"href":"https:\/\/www.comserv.fr\/index.php\/wp-json\/wp\/v2\/comments?post=30"}],"version-history":[{"count":9,"href":"https:\/\/www.comserv.fr\/index.php\/wp-json\/wp\/v2\/pages\/30\/revisions"}],"predecessor-version":[{"id":68,"href":"https:\/\/www.comserv.fr\/index.php\/wp-json\/wp\/v2\/pages\/30\/revisions\/68"}],"wp:attachment":[{"href":"https:\/\/www.comserv.fr\/index.php\/wp-json\/wp\/v2\/media?parent=30"}],"curies":[{"name":"wp","href":"https:\/\/api.w.org\/{rel}","templated":true}]}}