{"id":3,"date":"2023-12-04T11:58:41","date_gmt":"2023-12-04T10:58:41","guid":{"rendered":"http:\/\/ojsovpz.cluster030.hosting.ovh.net\/?page_id=3"},"modified":"2025-12-29T10:58:23","modified_gmt":"2025-12-29T09:58:23","slug":"politique-de-confidentialite","status":"publish","type":"page","link":"https:\/\/www.comserv.fr\/index.php\/politique-de-confidentialite\/","title":{"rendered":"Notre offre produits"},"content":{"rendered":"\n<h1 class=\"wp-block-heading has-text-align-center\">De la palette unique au camion complet, nous adaptons nos livraisons \u00e0 vos besoins&nbsp;:<\/h1>\n\n\n\n<h3 class=\"wp-block-heading\"><strong>P\u00e2tes de Qualit\u00e9 Sup\u00e9rieure (QS)<\/strong> <strong>ITALPASTA<\/strong><\/h3>\n\n\n\n<p>La gamme QS incarne la rigueur et la constance.<br>\u00c9labor\u00e9e \u00e0 partir de mati\u00e8res premi\u00e8res soigneusement s\u00e9lectionn\u00e9es.<br>Texture ferme et r\u00e9guli\u00e8re, id\u00e9ale pour les productions en s\u00e9rie.<\/p>\n\n\n\n<p>Adapt\u00e9e aux industriels et traiteurs recherchant fiabilit\u00e9 et performance.<\/p>\n\n\n\n<p><strong>Formats disponibles en stock&nbsp;:<\/strong> Capellini, spaghetti, trenettes, coquillettes, mezze pennes, pennes rigates, macaroni, fusilli, torti, farfalles, fusilli tricolores, cheveux d\u2019ange, tortiglioni, conchiglie tagliatelles<\/p>\n\n\n\n<p><strong>D\u2019autres formats sont disponibles \u00e0 la commande, n\u2019h\u00e9sitez pas \u00e0 nous consulter.<\/strong><\/p>\n\n\n\n<h3 class=\"wp-block-heading\"><strong>P\u00e2tes ITALPASTA Grand Chef \u2013 Albumine<\/strong><\/h3>\n\n\n\n<p>Pens\u00e9e pour les professionnels les plus exigeants, la gamme Grand Chef met en avant l\u2019albumine pour une tenue optimale \u00e0 la cuisson.<\/p>\n\n\n\n<p><strong>Formats disponibles \u00e0 la commande&nbsp;:<\/strong> Farfalles, fusilli, Spaghetti, pennes, coquillettes<\/p>\n\n\n\n<h3 class=\"wp-block-heading\"><strong>P\u00e2tes ITALPASTA Bio<\/strong><\/h3>\n\n\n\n<p>La gamme Bio r\u00e9pond aux attentes croissantes en mati\u00e8re de naturalit\u00e9 et de durabilit\u00e9.<\/p>\n\n\n\n<p>Ingr\u00e9dients issus de l\u2019agriculture biologique certifi\u00e9e.<br>Convient aux \u00e9tablissements engag\u00e9s dans une d\u00e9marche responsable.<\/p>\n\n\n\n<p><strong>Formats disponibles en stock&nbsp;:<\/strong> spaghetti, pennes, fusilli, coquillettes, tagliatelles, vermicelles<\/p>\n\n\n\n<h3 class=\"wp-block-heading\"><strong>Formats sp\u00e9ciaux et p\u00e2tes aux \u0153ufs<\/strong> <strong>ITALPASTA<\/strong><\/h3>\n\n\n\n<p>Pour r\u00e9pondre aux besoins vari\u00e9s des professionnels, nous proposons une gamme compl\u00e8te de formats adapt\u00e9s aussi bien aux industriels qu\u2019aux restaurateurs.<\/p>\n\n\n\n<p><strong>Formats disponibles sur stock&nbsp;:<\/strong> lasagnes 5 kg et 500 gr, &nbsp;lasagnes aux \u0153ufs 500 g, tagliatelles aux \u0153ufs 6 kg, cannelloni.<\/p>\n\n\n\n<h3 class=\"wp-block-heading\"><strong>Gnocchi \/ Gressins<\/strong><\/h3>\n\n\n\n<p>Nos gnocchi s\u00e9duisent par leur moelleux et leur authenticit\u00e9, tandis que nos gressins apportent croustillant et l\u00e9g\u00e8ret\u00e9 \u00e0 vos assortiments. Deux incontournables pour enrichir vos cartes et s\u00e9duire vos clients.<\/p>\n\n\n\n<p><strong>Gnocchi g\u00e9r\u00e9 sur stock et gressins disponibles \u00e0 la commande.<\/strong><\/p>\n\n\n\n<h3 class=\"wp-block-heading\"><strong>Cr\u00e8me et vinaigre et balsamique<\/strong> <strong>VARVELLO<\/strong><\/h3>\n\n\n\n<p>Nous proposons une gamme de vinaigres balsamiques authentiques, \u00e9labor\u00e9s pour r\u00e9pondre aux attentes des chefs, traiteurs et industriels. Leur intensit\u00e9 aromatique et leur r\u00e9gularit\u00e9 en font des alli\u00e9s indispensables pour sublimer vos pr\u00e9parations.<\/p>\n\n\n\n<p><br><strong>Conditionnements disponibles en stock&nbsp;:<\/strong><br>Vinaigre balsamique&nbsp;: 1 L, 3 L, 5 L.&nbsp;<br>Cr\u00e8me de vinaigre balsamique&nbsp;:500 mL<\/p>\n\n\n\n<figure class=\"wp-block-pullquote\"><blockquote><p>N\u2019h\u00e9sitez pas \u00e0 nous contacter pour toute demande sp\u00e9cifique.<\/p><\/blockquote><\/figure>\n\n\n\n<h3 class=\"wp-block-heading\"><strong>Conserves de poisson KERITY<\/strong><\/h3>\n\n\n\n<p><strong>Possibilit\u00e9 d\u2019optimiser votre transport et l\u2019organisation de votre r\u00e9ception en commandant \u00e9galement des conserves de poisson stock\u00e9es sur le m\u00eame site logistique.<\/strong><\/p>\n\n\n\n<p>Un fournisseur de qualit\u00e9, vous permettant d\u2019optimiser vos co\u00fbts logistiques et l\u2019organisation de vos r\u00e9ceptions.<\/p>\n\n\n\n<p>Au-del\u00e0 des produits, nous vous garantissons un accompagnement complet :&nbsp;<\/p>\n\n\n\n<p>&#8211; Stockage strat\u00e9gique dans le Vaucluse&nbsp;<\/p>\n\n\n\n<p>&#8211; Transport optimis\u00e9 pour r\u00e9duire les d\u00e9lais&nbsp;<\/p>\n\n\n\n<p>&#8211; Proc\u00e9dures qualit\u00e9 rigoureuses, incluant un plan de rappel produit document\u00e9&nbsp;<\/p>\n\n\n\n<figure class=\"wp-block-pullquote\"><blockquote><p>Notre objectif : vous offrir s\u00e9r\u00e9nit\u00e9 et efficacit\u00e9 dans vos approvisionnements.<\/p><\/blockquote><\/figure>\n","protected":false},"excerpt":{"rendered":"<p>De la palette unique au camion complet, nous adaptons nos livraisons \u00e0 vos besoins&nbsp;: P\u00e2tes de Qualit\u00e9 Sup\u00e9rieure (QS) ITALPASTA La gamme QS incarne la rigueur et la constance.\u00c9labor\u00e9e \u00e0 partir de mati\u00e8res premi\u00e8res soigneusement s\u00e9lectionn\u00e9es.Texture ferme et r\u00e9guli\u00e8re, id\u00e9ale pour les productions en s\u00e9rie. Adapt\u00e9e aux industriels et traiteurs recherchant fiabilit\u00e9 et performance. Formats&#8230;<\/p>\n","protected":false},"author":1,"featured_media":0,"parent":0,"menu_order":0,"comment_status":"closed","ping_status":"open","template":"","meta":{"_kadence_starter_templates_imported_post":false,"_kad_post_transparent":"","_kad_post_title":"","_kad_post_layout":"","_kad_post_sidebar_id":"","_kad_post_content_style":"","_kad_post_vertical_padding":"","_kad_post_feature":"","_kad_post_feature_position":"","_kad_post_header":false,"_kad_post_footer":false,"_kad_post_classname":"","footnotes":""},"class_list":["post-3","page","type-page","status-publish","hentry"],"_links":{"self":[{"href":"https:\/\/www.comserv.fr\/index.php\/wp-json\/wp\/v2\/pages\/3","targetHints":{"allow":["GET"]}}],"collection":[{"href":"https:\/\/www.comserv.fr\/index.php\/wp-json\/wp\/v2\/pages"}],"about":[{"href":"https:\/\/www.comserv.fr\/index.php\/wp-json\/wp\/v2\/types\/page"}],"author":[{"embeddable":true,"href":"https:\/\/www.comserv.fr\/index.php\/wp-json\/wp\/v2\/users\/1"}],"replies":[{"embeddable":true,"href":"https:\/\/www.comserv.fr\/index.php\/wp-json\/wp\/v2\/comments?post=3"}],"version-history":[{"count":7,"href":"https:\/\/www.comserv.fr\/index.php\/wp-json\/wp\/v2\/pages\/3\/revisions"}],"predecessor-version":[{"id":70,"href":"https:\/\/www.comserv.fr\/index.php\/wp-json\/wp\/v2\/pages\/3\/revisions\/70"}],"wp:attachment":[{"href":"https:\/\/www.comserv.fr\/index.php\/wp-json\/wp\/v2\/media?parent=3"}],"curies":[{"name":"wp","href":"https:\/\/api.w.org\/{rel}","templated":true}]}}