{"id":2,"date":"2023-12-04T11:58:41","date_gmt":"2023-12-04T10:58:41","guid":{"rendered":"http:\/\/ojsovpz.cluster030.hosting.ovh.net\/?page_id=2"},"modified":"2025-08-22T08:37:29","modified_gmt":"2025-08-22T06:37:29","slug":"page-d-exemple","status":"publish","type":"page","link":"https:\/\/www.comserv.fr\/index.php\/page-d-exemple\/","title":{"rendered":"Qui sommes nous ?"},"content":{"rendered":"\n<p><strong>Nos Origines<\/strong><\/p>\n\n\n\n<p>En 1991, Jean Robert P\u00e9jean et Marie Christine Cu\u00f1ado cr\u00e9ent l\u2019entreprise Commercial Service.<\/p>\n\n\n\n<p>C\u2019est dans leur maison, au c\u0153ur du village de Puget-sur-Argens qu\u2019ils installent leurs bureaux et que l\u2019aventure commence.<\/p>\n\n\n\n<p>En parall\u00e8le, un lien fort se cr\u00e9e avec le Vaucluse et ne cesse de perdurer ,car c\u2019est dans cette r\u00e9gion strat\u00e9gique que s\u2019effectue historiquement le stockage de nos marchandises.<\/p>\n\n\n\n<p><strong>Aujourd\u2019hui<\/strong><\/p>\n\n\n\n<p>Avec Gr\u00e9gory et Justine, la seconde g\u00e9n\u00e9ration, perdurent la rigueur produit et la proximit\u00e9 avec la client\u00e8le.<\/p>\n\n\n\n<p><\/p>\n","protected":false},"excerpt":{"rendered":"<p>Nos Origines En 1991, Jean Robert P\u00e9jean et Marie Christine Cu\u00f1ado cr\u00e9ent l\u2019entreprise Commercial Service. C\u2019est dans leur maison, au c\u0153ur du village de Puget-sur-Argens qu\u2019ils installent leurs bureaux et que l\u2019aventure commence. En parall\u00e8le, un lien fort se cr\u00e9e avec le Vaucluse et ne cesse de perdurer ,car c\u2019est dans cette r\u00e9gion strat\u00e9gique que&#8230;<\/p>\n","protected":false},"author":1,"featured_media":0,"parent":0,"menu_order":0,"comment_status":"closed","ping_status":"open","template":"","meta":{"_kadence_starter_templates_imported_post":false,"_kad_post_transparent":"","_kad_post_title":"","_kad_post_layout":"","_kad_post_sidebar_id":"","_kad_post_content_style":"","_kad_post_vertical_padding":"","_kad_post_feature":"","_kad_post_feature_position":"","_kad_post_header":false,"_kad_post_footer":false,"_kad_post_classname":"","footnotes":""},"class_list":["post-2","page","type-page","status-publish","hentry"],"_links":{"self":[{"href":"https:\/\/www.comserv.fr\/index.php\/wp-json\/wp\/v2\/pages\/2","targetHints":{"allow":["GET"]}}],"collection":[{"href":"https:\/\/www.comserv.fr\/index.php\/wp-json\/wp\/v2\/pages"}],"about":[{"href":"https:\/\/www.comserv.fr\/index.php\/wp-json\/wp\/v2\/types\/page"}],"author":[{"embeddable":true,"href":"https:\/\/www.comserv.fr\/index.php\/wp-json\/wp\/v2\/users\/1"}],"replies":[{"embeddable":true,"href":"https:\/\/www.comserv.fr\/index.php\/wp-json\/wp\/v2\/comments?post=2"}],"version-history":[{"count":1,"href":"https:\/\/www.comserv.fr\/index.php\/wp-json\/wp\/v2\/pages\/2\/revisions"}],"predecessor-version":[{"id":8,"href":"https:\/\/www.comserv.fr\/index.php\/wp-json\/wp\/v2\/pages\/2\/revisions\/8"}],"wp:attachment":[{"href":"https:\/\/www.comserv.fr\/index.php\/wp-json\/wp\/v2\/media?parent=2"}],"curies":[{"name":"wp","href":"https:\/\/api.w.org\/{rel}","templated":true}]}}